{"id":197,"date":"2025-02-10T15:18:13","date_gmt":"2025-02-10T15:18:13","guid":{"rendered":"https:\/\/industryestonia-com.vserver.zonevs.eu\/contact\/"},"modified":"2025-02-12T09:32:31","modified_gmt":"2025-02-12T09:32:31","slug":"contact","status":"publish","type":"page","link":"https:\/\/industryestonia.com\/et\/contact\/","title":{"rendered":"Contact"},"content":{"rendered":"<div class=\"lazyblock-page-hero-7owl4 wp-block-lazyblock-page-hero\">\n<section class=\"page-hero\">\n\t<div class=\"l-container\">\n\t\t<div class=\"page-hero__main\">\n\t\t\t<div class=\"page-hero__content\">\n\t\t\t\t<div class=\"page-hero__breadcrumb\">\n\t\t\t\t\t<nav class=\"breadcrumb\"><ul><li><a href=\"https:\/\/industryestonia.com\/et\/\">Home<\/a><\/li><\/ul><\/nav>\t\t\t\t<\/div>\n\t\t\t\t<h1>We are glad to hear from you! &#8211; ET<\/h1>\n\t\t\t<\/div>\n\t\t\t<div class=\"page-hero__image-wrapper\">\n\t\t\t\t<div class=\"page-hero__image\">\n\t\t\t\t\t<img decoding=\"async\" src=\"https:\/\/industryestonia.com\/wp-content\/uploads\/2025\/01\/landscape.png\" alt=\"\">\n\t\t\t\t<\/div>\n\t\t\t<\/div>\n\t\t<\/div>\n\t<\/div>\n<\/section>\n<\/div>\n\n<div class=\"lazyblock-contact-12WHE6 wp-block-lazyblock-contact\">\n<section class=\"contact-company\">\n\t<div class=\"l-container\">\n\n\t\t<h2>Send us a message! &#8211; ET<\/h2>\n\n\t\t<div class=\"contact-company__content\">\n\t\t\t<div class=\"contact-company__form\">\n\t\t\t\t<div id=\"contact-form\"><\/div>\n<script>\n\t\twindow.cform = {\n\t\tapiURL: 'https:\/\/industryestonia.com\/wp-admin\/admin-ajax.php',\n\t\tid: 197,\n\t\tstrings: {\"name\":\"Sinu ees- ja perekonnanimi\",\"email\":\"Sinu e-mail\",\"message\":\"Sinu s\\u00f5num v\\u00f5i k\\u00fcsimus\",\"submit\":\"Saada s\\u00f5num\",\"success\":\"Message sent successfully\",\"errorName\":\"Please enter your name\",\"errorEmail\":\"Please enter a valid email address\",\"errorMessage\":\"Please enter a message\",\"errorNetwork\":\"Oops, couldn't connect. Check your connection and try again.\",\"errorUnknown\":\"Oops, something went wrong. Try again.\"}\t};\n<\/script>\n<script type=\"module\" crossorigin src=\"https:\/\/industryestonia.com\/wp-content\/themes\/industry\/template-parts\/contact-form\/dist\/assets\/index.js?v=1.0.3\"><\/script>\n\t\t\t<\/div>\n\t\t\t<div class=\"contact-company__info\">\n\t\t\t\t<h3>Eesti Masinat\u00f6\u00f6stuse Liit MT\u00dc<\/h3>\n\t\t\t\t\t\t\t\t\t\n\t\t\t\t\t<div class=\"contact-company__info-item\">\n\t\t\t\t\t\t<div class=\"contact-company__info-label\">VISIT US<\/div>\n\t\t\t\t\t\t<div class=\"contact-company__info-field\">Riia 130a, Tartu 51014, Estonia <\/div>\n\t\t\t\t\t<\/div>\n\t\t\t\t\t\n\t\t\t\t\t\t\t\t\t\n\t\t\t\t\t<div class=\"contact-company__info-item\">\n\t\t\t\t\t\t<div class=\"contact-company__info-label\">CALL US<\/div>\n\t\t\t\t\t\t<div class=\"contact-company__info-field\"><a href=\"tel:3725123456\">+372 5123 456<\/a><\/div>\n\t\t\t\t\t<\/div>\n\t\t\t\t\t\n\t\t\t\t\t\t\t\t\t\n\t\t\t\t\t<div class=\"contact-company__info-item\">\n\t\t\t\t\t\t<div class=\"contact-company__info-label\">WRITE US<\/div>\n\t\t\t\t\t\t<div class=\"contact-company__info-field\"><a href=\"mailto:info@amitec.ee\">info@amitec.ee<\/a><\/div>\n\t\t\t\t\t<\/div>\n\t\t\t\t\t\n\t\t\t\t\t\t\t<\/div>\n\t\t<\/div>\n\n\t\t<div class=\"contact-company__map\">\n\t\t\t<img decoding=\"async\" src=\"https:\/\/industryestonia.com\/wp-content\/themes\/industry\/css\/img\/map-temp.png\" alt=\"\">\n\t\t<\/div>\n\t\t\n\t<\/div>\n<\/section>\n<\/div>","protected":false},"excerpt":{"rendered":"","protected":false},"author":1,"featured_media":0,"parent":0,"menu_order":0,"comment_status":"closed","ping_status":"closed","template":"","meta":{"_acf_changed":false,"footnotes":""},"class_list":["post-197","page","type-page","status-publish","hentry"],"acf":[],"_links":{"self":[{"href":"https:\/\/industryestonia.com\/et\/wp-json\/wp\/v2\/pages\/197","targetHints":{"allow":["GET"]}}],"collection":[{"href":"https:\/\/industryestonia.com\/et\/wp-json\/wp\/v2\/pages"}],"about":[{"href":"https:\/\/industryestonia.com\/et\/wp-json\/wp\/v2\/types\/page"}],"author":[{"embeddable":true,"href":"https:\/\/industryestonia.com\/et\/wp-json\/wp\/v2\/users\/1"}],"replies":[{"embeddable":true,"href":"https:\/\/industryestonia.com\/et\/wp-json\/wp\/v2\/comments?post=197"}],"version-history":[{"count":1,"href":"https:\/\/industryestonia.com\/et\/wp-json\/wp\/v2\/pages\/197\/revisions"}],"predecessor-version":[{"id":198,"href":"https:\/\/industryestonia.com\/et\/wp-json\/wp\/v2\/pages\/197\/revisions\/198"}],"wp:attachment":[{"href":"https:\/\/industryestonia.com\/et\/wp-json\/wp\/v2\/media?parent=197"}],"curies":[{"name":"wp","href":"https:\/\/api.w.org\/{rel}","templated":true}]}}